{"id":4061,"date":"2025-07-11T18:00:45","date_gmt":"2025-07-11T18:00:45","guid":{"rendered":"https:\/\/alpacafe.sk\/?post_type=product&#038;p=4061"},"modified":"2025-07-11T19:58:58","modified_gmt":"2025-07-11T19:58:58","slug":"darcekova-poukazka-na-terapiu-s-alpakami-kopia","status":"publish","type":"product","link":"https:\/\/alpacafe.sk\/sk\/product\/darcekova-poukazka-na-terapiu-s-alpakami-kopia\/","title":{"rendered":"Dar\u010dekov\u00e1 pouk\u00e1\u017eka na terapiu s alpakami"},"content":{"rendered":"<p>Mot\u00edv: Luna a Diego<\/p>\n","protected":false},"excerpt":{"rendered":"<p>Mot\u00edv: Luna a Diego<\/p>\n","protected":false},"featured_media":4058,"template":"","meta":[],"product_brand":[],"product_cat":[33],"product_tag":[],"class_list":{"0":"post-4061","1":"product","2":"type-product","3":"status-publish","4":"has-post-thumbnail","6":"product_cat-wps_wgm_giftcard","8":"first","9":"instock","10":"sold-individually","11":"taxable","12":"shipping-taxable","13":"purchasable","14":"product-type-wgm_gift_card"},"_links":{"self":[{"href":"https:\/\/alpacafe.sk\/sk\/wp-json\/wp\/v2\/product\/4061","targetHints":{"allow":["GET"]}}],"collection":[{"href":"https:\/\/alpacafe.sk\/sk\/wp-json\/wp\/v2\/product"}],"about":[{"href":"https:\/\/alpacafe.sk\/sk\/wp-json\/wp\/v2\/types\/product"}],"wp:featuredmedia":[{"embeddable":true,"href":"https:\/\/alpacafe.sk\/sk\/wp-json\/wp\/v2\/media\/4058"}],"wp:attachment":[{"href":"https:\/\/alpacafe.sk\/sk\/wp-json\/wp\/v2\/media?parent=4061"}],"wp:term":[{"taxonomy":"product_brand","embeddable":true,"href":"https:\/\/alpacafe.sk\/sk\/wp-json\/wp\/v2\/product_brand?post=4061"},{"taxonomy":"product_cat","embeddable":true,"href":"https:\/\/alpacafe.sk\/sk\/wp-json\/wp\/v2\/product_cat?post=4061"},{"taxonomy":"product_tag","embeddable":true,"href":"https:\/\/alpacafe.sk\/sk\/wp-json\/wp\/v2\/product_tag?post=4061"}],"curies":[{"name":"wp","href":"https:\/\/api.w.org\/{rel}","templated":true}]}}