{"id":90,"date":"2024-02-03T19:18:48","date_gmt":"2024-02-03T19:18:48","guid":{"rendered":"https:\/\/alpacafe.sk\/?page_id=90"},"modified":"2024-02-03T19:22:01","modified_gmt":"2024-02-03T19:22:01","slug":"nase-aktivity","status":"publish","type":"page","link":"https:\/\/alpacafe.sk\/sk\/nase-aktivity\/","title":{"rendered":"Na\u0161e aktivity"},"content":{"rendered":"\n<p><strong>Ra\u0148ajky s alpakami \/ Brunch s alpakami \/ Priate\u013esk\u00fd brunch \/ R\u00e1no s alpakami<\/strong><\/p>\n\n\n\n<p>S alpakami je ka\u017ed\u00e9 r\u00e1no jedine\u010dn\u00e9\u2026<\/p>\n\n\n\n<ul class=\"wp-block-list\">\n<li>\u010cas: 1,5 hod.<\/li>\n\n\n\n<li>Kapacita: 10 os\u00f4b.<\/li>\n\n\n\n<li>Jedlo: Ra\u0148ajky a \u013eubovo\u013en\u00fd n\u00e1poj v cene.<\/li>\n\n\n\n<li>Dar\u010dek: poh\u013eadnica.<\/li>\n\n\n\n<li>Cena: ?\u20ac osoba.<\/li>\n<\/ul>\n\n\n\n<hr class=\"wp-block-separator has-alpha-channel-opacity\"\/>\n\n\n\n<p><strong>Poobedn\u00e1 siesta \/ Poobedn\u00fd \u010daj s alpakami<\/strong><\/p>\n\n\n\n<p>Netradi\u010dn\u00fd poobedn\u00fd oddych\u2026<\/p>\n\n\n\n<ul class=\"wp-block-list\">\n<li>\u010cas: 1,5 hod.<\/li>\n\n\n\n<li>Kapacita: 10 os\u00f4b.<\/li>\n\n\n\n<li>Jedlo: Cookies a neobmedzen\u00fd \u010daj.<\/li>\n\n\n\n<li>Dar\u010dek: poh\u013eadnica.<\/li>\n\n\n\n<li>Cena: ?\u20ac osoba.<\/li>\n<\/ul>\n\n\n\n<hr class=\"wp-block-separator has-alpha-channel-opacity\"\/>\n\n\n\n<p><strong>Feed &amp; Greet \/ Zvedav\u00e9 k\u0155menie \/ Terapia k\u0155men\u00edm\/ Na n\u00e1v\u0161teve u Coca a Limy<\/strong><\/p>\n\n\n\n<p>Spoznajte na\u0161e alpaky a ich ka\u017edodenn\u00fd \u017eivot\u2026<\/p>\n\n\n\n<ul class=\"wp-block-list\">\n<li>\u010cas: 45 min.<\/li>\n\n\n\n<li>Kapacita: 10 os\u00f4b.<\/li>\n\n\n\n<li>Jedlo: Cookie a n\u00e1poj.<\/li>\n\n\n\n<li>Dar\u010dek: poh\u013eadnica.<\/li>\n\n\n\n<li>Cena: ?\u20ac osoba.<\/li>\n<\/ul>\n","protected":false},"excerpt":{"rendered":"<p>Ra\u0148ajky s alpakami \/ Brunch s alpakami \/ Priate\u013esk\u00fd brunch \/ R\u00e1no s alpakami S alpakami je ka\u017ed\u00e9 r\u00e1no jedine\u010dn\u00e9\u2026 Poobedn\u00e1 siesta \/ Poobedn\u00fd \u010daj s alpakami Netradi\u010dn\u00fd poobedn\u00fd oddych\u2026 Feed &amp; Greet \/ Zvedav\u00e9 k\u0155menie \/ Terapia k\u0155men\u00edm\/ Na n\u00e1v\u0161teve u Coca a Limy Spoznajte na\u0161e alpaky a ich ka\u017edodenn\u00fd \u017eivot\u2026<\/p>\n","protected":false},"author":1,"featured_media":0,"parent":0,"menu_order":0,"comment_status":"closed","ping_status":"closed","template":"","meta":{"footnotes":""},"class_list":["post-90","page","type-page","status-publish","hentry"],"_links":{"self":[{"href":"https:\/\/alpacafe.sk\/sk\/wp-json\/wp\/v2\/pages\/90","targetHints":{"allow":["GET"]}}],"collection":[{"href":"https:\/\/alpacafe.sk\/sk\/wp-json\/wp\/v2\/pages"}],"about":[{"href":"https:\/\/alpacafe.sk\/sk\/wp-json\/wp\/v2\/types\/page"}],"author":[{"embeddable":true,"href":"https:\/\/alpacafe.sk\/sk\/wp-json\/wp\/v2\/users\/1"}],"replies":[{"embeddable":true,"href":"https:\/\/alpacafe.sk\/sk\/wp-json\/wp\/v2\/comments?post=90"}],"version-history":[{"count":2,"href":"https:\/\/alpacafe.sk\/sk\/wp-json\/wp\/v2\/pages\/90\/revisions"}],"predecessor-version":[{"id":93,"href":"https:\/\/alpacafe.sk\/sk\/wp-json\/wp\/v2\/pages\/90\/revisions\/93"}],"wp:attachment":[{"href":"https:\/\/alpacafe.sk\/sk\/wp-json\/wp\/v2\/media?parent=90"}],"curies":[{"name":"wp","href":"https:\/\/api.w.org\/{rel}","templated":true}]}}