{"id":24,"date":"2023-10-07T09:57:13","date_gmt":"2023-10-07T09:57:13","guid":{"rendered":"https:\/\/alpacafe.sk\/?page_id=24"},"modified":"2025-05-13T18:23:36","modified_gmt":"2025-05-13T18:23:36","slug":"o-nas","status":"publish","type":"page","link":"http:\/\/alpacafe.sk\/en\/o-nas\/","title":{"rendered":"About us"},"content":{"rendered":"<div class=\"wp-block-cover alignfull is-light\" style=\"border-style:none;border-width:0px;border-radius:0px;margin-top:0;margin-bottom:0;min-height:100vh;aspect-ratio:unset;\"><video class=\"wp-block-cover__video-background intrinsic-ignore\" autoplay muted loop playsinline src=\"https:\/\/alpacafe.sk\/wp-content\/uploads\/2024\/02\/Video-1.mp4\" data-object-fit=\"cover\"><\/video><span aria-hidden=\"true\" class=\"wp-block-cover__background has-background-dim\"><\/span><div class=\"wp-block-cover__inner-container is-layout-flow wp-container-core-cover-is-layout-7c43e52d wp-block-cover-is-layout-flow\">\n<p class=\"has-text-align-center has-white-color has-text-color\" style=\"font-size:clamp(37.821px, 2.364rem + ((1vw - 3.2px) * 3.352), 70px);font-style:normal;font-weight:900\">Who we are?<\/p>\n\n\n\n<p class=\"has-text-align-center has-white-color has-text-color has-medium-font-size\" style=\"letter-spacing:1px\">Discover our world: about us, our visions and our alpacas!<\/p>\n<\/div><\/div>\n\n\n\n<div class=\"wp-block-group alignfull has-white-background-color has-background has-global-padding is-layout-constrained wp-block-group-is-layout-constrained\" style=\"padding-top:var(--wp--preset--spacing--small);padding-bottom:var(--wp--preset--spacing--small)\">\n<div class=\"wp-block-columns is-layout-flex wp-container-core-columns-is-layout-7db7aa3e wp-block-columns-is-layout-flex\" style=\"padding-right:0;padding-left:0\">\n<div class=\"wp-block-column is-vertically-aligned-center is-layout-flow wp-block-column-is-layout-flow\">\n<h2 class=\"wp-block-heading has-text-color has-link-color has-medium-font-size wp-elements-d10f4a6c017fbe5a33e767b63a2f5f80\" style=\"color:#bd9e39;text-transform:uppercase\">\u2731 <strong>ABOUT US<\/strong><\/h2>\n\n\n\n<p><strong>Welcome to our family-run business AlpaCaf\u00e9, whose vision is to bring unique alpaca experience to Ko\u0161ice.<\/strong><\/p>\n\n\n\n<p>Na\u0161a cesta za\u010dala v septembri 2023, ke\u010f sme do na\u0161ej rodiny priv\u00edtali dve kr\u00e1sne alpaky &#8211; Coco a Limu. Tieto n\u00e1dhern\u00e9 tvory n\u00e1m ka\u017ed\u00fd de\u0148 prin\u00e1\u0161aj\u00fa neop\u00edsate\u013en\u00fa rados\u0165 a stali sa srdcom n\u00e1\u0161ho resortu. Odvtedy sa na\u0161e st\u00e1do rozr\u00e1stlo o tri \u010fal\u0161ie alpaky &#8211; Diega, Lunu a Almu.<br><br>Nowadays, when people are looking for new ways to spend their quality time, we have decided to share our joy and offer you a unique opportunity to enjoy time in the fresh air with our beautiful alpacas. These friendly animals, native to South America, are not only charming but also intelligent and love to enjoy the company of others. Alpaca breeding has become widespread because of their exceptionally soft wool, the finest in the world. Pet them and feel it for yourself.<\/p>\n<\/div>\n\n\n\n<div class=\"wp-block-column is-layout-flow wp-block-column-is-layout-flow\">\n<figure class=\"wp-block-image size-full has-custom-border\"><img loading=\"lazy\" decoding=\"async\" width=\"667\" height=\"667\" src=\"https:\/\/alpacafe.sk\/wp-content\/uploads\/2024\/02\/lima_coco_web-edited.jpg\" alt=\"Alpaka Lima &amp; Coco\" class=\"wp-image-207\" style=\"border-radius:20px\" srcset=\"https:\/\/alpacafe.sk\/wp-content\/uploads\/2024\/02\/lima_coco_web-edited.jpg 667w, https:\/\/alpacafe.sk\/wp-content\/uploads\/2024\/02\/lima_coco_web-edited-300x300.jpg 300w, https:\/\/alpacafe.sk\/wp-content\/uploads\/2024\/02\/lima_coco_web-edited-150x150.jpg 150w, https:\/\/alpacafe.sk\/wp-content\/uploads\/2024\/02\/lima_coco_web-edited-12x12.jpg 12w\" sizes=\"auto, (max-width: 667px) 100vw, 667px\" \/><\/figure>\n<\/div>\n<\/div>\n<\/div>\n\n\n\n<div class=\"wp-block-columns alignwide are-vertically-aligned-center has-background is-layout-flex wp-container-core-columns-is-layout-2ae7908e wp-block-columns-is-layout-flex\" style=\"border-style:none;border-width:0px;border-radius:20px;background-color:#c7d2d2;margin-top:0;margin-bottom:0\">\n<div class=\"wp-block-column is-vertically-aligned-center has-global-padding is-content-justification-left is-layout-constrained wp-container-core-column-is-layout-128e448e wp-block-column-is-layout-constrained\" style=\"flex-basis:40%\">\n<h2 class=\"wp-block-heading has-medium-font-size\">\u2731 ALPACA THERAPY O.Z.<\/h2>\n\n\n\n<p><br>Aj v\u010faka ka\u017edodenn\u00e9mu kontaktu s na\u0161imi alpakami sme si \u010doraz viac uvedomovali ich upokojuj\u00facu pr\u00edtomnos\u0165, vn\u00edmavos\u0165 a schopnos\u0165 navodi\u0165 pocit pokoja. Vn\u00edmame, \u017ee vo svete plnom stresu a neust\u00e1leho zhonu mnoh\u00ed z n\u00e1s t\u00fa\u017eia po mieste, kde sa d\u00e1 na chv\u00ed\u013eu zastavi\u0165, vyd\u00fdchnu\u0165 si a na\u010derpa\u0165 nov\u00fa energiu.<\/p>\n\n\n\n<p>Aj preto sme v m\u00e1ji 2025 zalo\u017eili ob\u010dianske zdru\u017eenie&nbsp;<strong>Alpaca Therapy o.z.<\/strong>, ktor\u00e9 sa venuje rozvoju a podpore terapi\u00ed s alpakami. Na\u0161\u00edm cie\u013eom je vytv\u00e1ra\u0165 pokojn\u00e9, bezpe\u010dn\u00e9 a pr\u00edvetiv\u00e9 prostredie, kde \u013eudia m\u00f4\u017eu za\u017ei\u0165 lie\u010div\u00fd dotyk pr\u00edrody \u2013 \u010di u\u017e pri prech\u00e1dzke, tichej chv\u00ed\u013eke pri k\u0155men\u00ed alebo po\u010das \u0161peci\u00e1lnych podujat\u00ed. Ver\u00edme, \u017ee aj kr\u00e1tke stretnutie s alpakou dok\u00e1\u017ee prinies\u0165 pokoj, rados\u0165 a vn\u00fatorn\u00fa rovnov\u00e1hu.<\/p>\n\n\n\n<div class=\"wp-block-buttons is-content-justification-center is-layout-flex wp-container-core-buttons-is-layout-a89b3969 wp-block-buttons-is-layout-flex\">\n<div class=\"wp-block-button\"><a class=\"wp-block-button__link wp-element-button\">Viac inform\u00e1ci\u00ed  <strong>\u2192<\/strong> <\/a><\/div>\n<\/div>\n\n\n\n<p><\/p>\n<\/div>\n\n\n\n<div class=\"wp-block-column is-vertically-aligned-center is-layout-flow wp-block-column-is-layout-flow\">\n<div class=\"wp-block-columns alignwide is-layout-flex wp-container-core-columns-is-layout-85695472 wp-block-columns-is-layout-flex\">\n<div class=\"wp-block-column is-layout-flow wp-container-core-column-is-layout-6b73ce23 wp-block-column-is-layout-flow\">\n<figure class=\"wp-block-image size-full has-custom-border is-style-default\"><img loading=\"lazy\" decoding=\"async\" width=\"2560\" height=\"1707\" src=\"https:\/\/alpacafe.sk\/wp-content\/uploads\/2024\/06\/KP_22-1-scaled.jpg\" alt=\"\" class=\"wp-image-1096\" style=\"border-radius:20px;aspect-ratio:1;object-fit:cover\" srcset=\"https:\/\/alpacafe.sk\/wp-content\/uploads\/2024\/06\/KP_22-1-scaled.jpg 2560w, https:\/\/alpacafe.sk\/wp-content\/uploads\/2024\/06\/KP_22-1-300x200.jpg 300w, https:\/\/alpacafe.sk\/wp-content\/uploads\/2024\/06\/KP_22-1-1024x683.jpg 1024w, https:\/\/alpacafe.sk\/wp-content\/uploads\/2024\/06\/KP_22-1-2000x1333.jpg 2000w, https:\/\/alpacafe.sk\/wp-content\/uploads\/2024\/06\/KP_22-1-scaled-18x12.jpg 18w\" sizes=\"auto, (max-width: 2560px) 100vw, 2560px\" \/><figcaption class=\"wp-element-caption\">\u2731 Luna<\/figcaption><\/figure>\n\n\n\n<figure class=\"wp-block-image size-full has-custom-border is-style-default\"><img loading=\"lazy\" decoding=\"async\" width=\"2560\" height=\"1707\" src=\"https:\/\/alpacafe.sk\/wp-content\/uploads\/2024\/06\/KP_28-scaled.jpg\" alt=\"\" class=\"wp-image-1108\" style=\"border-radius:20px;aspect-ratio:1;object-fit:cover\" srcset=\"https:\/\/alpacafe.sk\/wp-content\/uploads\/2024\/06\/KP_28-scaled.jpg 2560w, https:\/\/alpacafe.sk\/wp-content\/uploads\/2024\/06\/KP_28-300x200.jpg 300w, https:\/\/alpacafe.sk\/wp-content\/uploads\/2024\/06\/KP_28-1024x683.jpg 1024w, https:\/\/alpacafe.sk\/wp-content\/uploads\/2024\/06\/KP_28-2000x1333.jpg 2000w, https:\/\/alpacafe.sk\/wp-content\/uploads\/2024\/06\/KP_28-scaled-18x12.jpg 18w\" sizes=\"auto, (max-width: 2560px) 100vw, 2560px\" \/><figcaption class=\"wp-element-caption\">\u2731 AlpaCaf\u00e9<\/figcaption><\/figure>\n<\/div>\n\n\n\n<div class=\"wp-block-column is-layout-flow wp-container-core-column-is-layout-6b73ce23 wp-block-column-is-layout-flow\">\n<figure class=\"wp-block-image size-full has-custom-border is-style-default\"><img loading=\"lazy\" decoding=\"async\" width=\"2560\" height=\"1706\" src=\"https:\/\/alpacafe.sk\/wp-content\/uploads\/2024\/06\/KP_23-scaled.jpg\" alt=\"\" class=\"wp-image-1095\" style=\"border-radius:20px;aspect-ratio:1;object-fit:cover\" srcset=\"https:\/\/alpacafe.sk\/wp-content\/uploads\/2024\/06\/KP_23-scaled.jpg 2560w, https:\/\/alpacafe.sk\/wp-content\/uploads\/2024\/06\/KP_23-300x200.jpg 300w, https:\/\/alpacafe.sk\/wp-content\/uploads\/2024\/06\/KP_23-1024x683.jpg 1024w, https:\/\/alpacafe.sk\/wp-content\/uploads\/2024\/06\/KP_23-2000x1333.jpg 2000w, https:\/\/alpacafe.sk\/wp-content\/uploads\/2024\/06\/KP_23-scaled-18x12.jpg 18w\" sizes=\"auto, (max-width: 2560px) 100vw, 2560px\" \/><figcaption class=\"wp-element-caption\"> \u2731 Diego<\/figcaption><\/figure>\n\n\n\n<figure class=\"wp-block-image size-full has-custom-border is-style-default\"><img loading=\"lazy\" decoding=\"async\" width=\"2560\" height=\"1707\" src=\"https:\/\/alpacafe.sk\/wp-content\/uploads\/2025\/05\/KP_29-scaled.jpg\" alt=\"\" class=\"wp-image-3531\" style=\"border-radius:20px;aspect-ratio:1;object-fit:cover\" srcset=\"https:\/\/alpacafe.sk\/wp-content\/uploads\/2025\/05\/KP_29-scaled.jpg 2560w, https:\/\/alpacafe.sk\/wp-content\/uploads\/2025\/05\/KP_29-300x200.jpg 300w, https:\/\/alpacafe.sk\/wp-content\/uploads\/2025\/05\/KP_29-1024x683.jpg 1024w, https:\/\/alpacafe.sk\/wp-content\/uploads\/2025\/05\/KP_29-2000x1333.jpg 2000w, https:\/\/alpacafe.sk\/wp-content\/uploads\/2025\/05\/KP_29-scaled-18x12.jpg 18w\" sizes=\"auto, (max-width: 2560px) 100vw, 2560px\" \/><figcaption class=\"wp-element-caption\">\u2731 Alma<\/figcaption><\/figure>\n<\/div>\n<\/div>\n<\/div>\n<\/div>\n\n\n\n<div class=\"wp-block-group alignfull has-white-background-color has-background has-global-padding is-layout-constrained wp-block-group-is-layout-constrained\" style=\"padding-top:var(--wp--preset--spacing--small);padding-bottom:var(--wp--preset--spacing--small)\">\n<div class=\"wp-block-columns is-layout-flex wp-container-core-columns-is-layout-7db7aa3e wp-block-columns-is-layout-flex\" style=\"padding-right:0;padding-left:0\">\n<div class=\"wp-block-column is-vertically-aligned-center is-layout-flow wp-block-column-is-layout-flow\">\n<h2 class=\"wp-block-heading has-text-color has-link-color has-medium-font-size wp-elements-a9b78d1190e9ea2972df5d41b1e70da9\" style=\"color:#bd9e39;text-transform:uppercase\"><strong>\u2731 NA\u0160A V\u00cdZIA<\/strong><\/h2>\n\n\n\n<p><strong>Pre koho tu sme?<\/strong><\/p>\n\n\n\n<p>Mo\u017eno ste unaven\u00ed. Mo\u017eno zvedav\u00ed. Mo\u017eno t\u00fa\u017eite po dotyku pr\u00edrody, po nie\u010dom, \u010do sa ned\u00e1 chyti\u0165, len za\u017ei\u0165.<\/p>\n\n\n\n<p>K n\u00e1m prich\u00e1dzaj\u00fa deti, ktor\u00e9 sa smej\u00fa nahlas, aj dospel\u00ed, ktor\u00ed si potrebuj\u00fa odd\u00fdchnu\u0165 v tichu. Mamy, otcovia, star\u00ed rodi\u010dia, kamar\u00e1ti, t\u00ed, \u010do h\u013eadaj\u00fa, aj t\u00ed, \u010do u\u017e na\u0161li.<\/p>\n\n\n\n<p>Alpaky nehovoria, ale vedia by\u0165 pr\u00edtomn\u00e9. A niekedy to sta\u010d\u00ed.<\/p>\n\n\n\n<p>Pre niektor\u00fdch je to len pekn\u00fd v\u00fdlet. Pre in\u00fdch vz\u00e1cna chv\u00ed\u013ea bezpe\u010dia. Pre \u013eud\u00ed so zraneniami, \u00fazkos\u0165ami, vy\u010derpan\u00edm \u2013 s\u00fa tieto stretnutia tichou formou lie\u010denia. Bez slov, bez tlaku, v pomalom tempe.<\/p>\n\n\n\n<p>Ver\u00edme, \u017ee dotyk srsti, jemn\u00e9 poh\u013eady a pokoj pr\u00edrody vedia vr\u00e1ti\u0165 sp\u00e4\u0165 nie\u010do, \u010do sa v ka\u017edodennosti \u013eahko strat\u00ed. Dvere s\u00fa otvoren\u00e9. Pre ka\u017ed\u00e9ho, kto potrebuje by\u0165 chv\u00ed\u013eu len tak \u2013 v pokoji a prijat\u00ed.<\/p>\n<\/div>\n\n\n\n<div class=\"wp-block-column is-vertically-aligned-center is-layout-flow wp-block-column-is-layout-flow\">\n<figure class=\"wp-block-image aligncenter size-full is-resized has-custom-border\"><img loading=\"lazy\" decoding=\"async\" width=\"2560\" height=\"1920\" src=\"https:\/\/alpacafe.sk\/wp-content\/uploads\/2025\/05\/KP_80-edited-1-scaled.jpg\" alt=\"\" class=\"wp-image-3554\" style=\"border-radius:20px;width:496px;height:auto\" srcset=\"https:\/\/alpacafe.sk\/wp-content\/uploads\/2025\/05\/KP_80-edited-1-scaled.jpg 2560w, https:\/\/alpacafe.sk\/wp-content\/uploads\/2025\/05\/KP_80-edited-1-300x225.jpg 300w, https:\/\/alpacafe.sk\/wp-content\/uploads\/2025\/05\/KP_80-edited-1-1024x768.jpg 1024w, https:\/\/alpacafe.sk\/wp-content\/uploads\/2025\/05\/KP_80-edited-1-2000x1500.jpg 2000w, https:\/\/alpacafe.sk\/wp-content\/uploads\/2025\/05\/KP_80-edited-1-scaled-16x12.jpg 16w\" sizes=\"auto, (max-width: 2560px) 100vw, 2560px\" \/><\/figure>\n<\/div>\n<\/div>\n<\/div>\n\n\n\n<div class=\"wp-block-group alignfull has-global-padding is-content-justification-center is-layout-constrained wp-container-core-group-is-layout-df757ecc wp-block-group-is-layout-constrained\" style=\"margin-top:0;margin-bottom:0;padding-top:calc( 0.5 * var(--wp--style--root--padding-right, var(--wp--custom--gap--horizontal)));padding-right:var(--wp--style--root--padding-right, var(--wp--custom--gap--horizontal));padding-bottom:calc( 0.5 * var(--wp--style--root--padding-right, var(--wp--custom--gap--horizontal)));padding-left:var(--wp--style--root--padding-left, var(--wp--custom--gap--horizontal))\">\n<div style=\"height:0px\" aria-hidden=\"true\" class=\"wp-block-spacer\"><\/div>\n<\/div>\n\n\n\n<figure class=\"wp-block-pullquote has-text-color has-link-color wp-elements-7563e9adb7907456ba78db260b61ce9d\" style=\"color:#053d5c\"><blockquote><p><span style=\"font-weight: 400;\">Priate\u013estvo s na\u0161imi alpakami je pre n\u00e1s srdcovou z\u00e1le\u017eitos\u0165ou a chceme, aby ste sa c\u00edtili ako s\u00fa\u010das\u0165 na\u0161ej rozrastaj\u00facej sa rodiny. V AlpaCaf\u00e9 m\u00e1te mo\u017enos\u0165 vybra\u0165 si z r\u00f4znorod\u00fdch aktiv\u00edt s alpakami, \u010di u\u017e ide o prech\u00e1dzku s nimi po are\u00e1li alebo spolo\u010dn\u00fd relax pri malom ob\u010derstven\u00ed. D\u00fafame, \u017ee n\u00e1\u0161 podnik prinesie do v\u00e1\u0161ho \u017eivota rados\u0165 a oddych a \u017ee str\u00e1ven\u00fd \u010das s nami bude pre v\u00e1s nezabudnute\u013en\u00fdm z\u00e1\u017eitkom. <\/span><br><br><strong>WE ARE LOOKING FORWARD TO YOUR VISIT!<\/strong><\/p><cite>Team ALPACaf\u00e9 ko\u0161ice<\/cite><\/blockquote><\/figure>\n\n\n\n<div class=\"wp-block-group has-global-padding is-layout-constrained wp-block-group-is-layout-constrained\">\n<p class=\"has-text-align-left\"><\/p>\n\n\n\n<figure class=\"wp-block-image aligncenter size-large has-custom-border\"><img loading=\"lazy\" decoding=\"async\" width=\"1024\" height=\"726\" src=\"https:\/\/alpacafe.sk\/wp-content\/uploads\/2025\/05\/AlpaCafe-menu-NEW-\u2013-kopia-148-x-105-mm-2-kopia-1024x726.png\" alt=\"\" class=\"wp-image-3532\" style=\"border-radius:20px\" srcset=\"https:\/\/alpacafe.sk\/wp-content\/uploads\/2025\/05\/AlpaCafe-menu-NEW-\u2013-kopia-148-x-105-mm-2-kopia-1024x726.png 1024w, https:\/\/alpacafe.sk\/wp-content\/uploads\/2025\/05\/AlpaCafe-menu-NEW-\u2013-kopia-148-x-105-mm-2-kopia-300x213.png 300w, https:\/\/alpacafe.sk\/wp-content\/uploads\/2025\/05\/AlpaCafe-menu-NEW-\u2013-kopia-148-x-105-mm-2-kopia-18x12.png 18w, https:\/\/alpacafe.sk\/wp-content\/uploads\/2025\/05\/AlpaCafe-menu-NEW-\u2013-kopia-148-x-105-mm-2-kopia.png 1748w\" sizes=\"auto, (max-width: 1024px) 100vw, 1024px\" \/><\/figure>\n<\/div>\n\n\n\n<div class=\"wp-block-group alignfull has-global-padding is-content-justification-center is-layout-constrained wp-container-core-group-is-layout-df757ecc wp-block-group-is-layout-constrained\" style=\"margin-top:0;margin-bottom:0;padding-top:calc( 0.5 * var(--wp--style--root--padding-right, var(--wp--custom--gap--horizontal)));padding-right:var(--wp--style--root--padding-right, var(--wp--custom--gap--horizontal));padding-bottom:calc( 0.5 * var(--wp--style--root--padding-right, var(--wp--custom--gap--horizontal)));padding-left:var(--wp--style--root--padding-left, var(--wp--custom--gap--horizontal))\">\n<div style=\"height:calc( 0.25 * var(--wp--style--root--padding-right, var(--wp--custom--gap--horizontal)))\" aria-hidden=\"true\" class=\"wp-block-spacer\"><\/div>\n\n\n\n<div style=\"height:calc( 0.25 * var(--wp--style--root--padding-right, var(--wp--custom--gap--horizontal)))\" aria-hidden=\"true\" class=\"wp-block-spacer\"><\/div>\n<\/div>\n\n\n\n<div class=\"wp-block-group alignfull has-global-padding is-content-justification-center is-layout-constrained wp-container-core-group-is-layout-df757ecc wp-block-group-is-layout-constrained\" style=\"margin-top:0;margin-bottom:0;padding-top:calc( 0.5 * var(--wp--style--root--padding-right, var(--wp--custom--gap--horizontal)));padding-right:var(--wp--style--root--padding-right, var(--wp--custom--gap--horizontal));padding-bottom:calc( 0.5 * var(--wp--style--root--padding-right, var(--wp--custom--gap--horizontal)));padding-left:var(--wp--style--root--padding-left, var(--wp--custom--gap--horizontal))\">\n<div style=\"height:calc( 0.25 * var(--wp--style--root--padding-right, var(--wp--custom--gap--horizontal)))\" aria-hidden=\"true\" class=\"wp-block-spacer\"><\/div>\n\n\n\n<div style=\"height:calc( 0.25 * var(--wp--style--root--padding-right, var(--wp--custom--gap--horizontal)))\" aria-hidden=\"true\" class=\"wp-block-spacer\"><\/div>\n<\/div>\n\n\n\n<div class=\"wp-block-group has-global-padding is-layout-constrained wp-block-group-is-layout-constrained\">\n<div class=\"wp-block-group is-layout-flow wp-block-group-is-layout-flow\">\n<p><\/p>\n\n\n\n<p class=\"has-text-color has-medium-font-size\" style=\"color:#bd9e39\"><strong>\u2731<\/strong> <strong>RECENZIE<\/strong><\/p>\n\n\n\n<h2 class=\"wp-block-heading has-large-font-size\">Povedali o n\u00e1s&#8230;<\/h2>\n\n\n\n<div class=\"wp-block-columns is-layout-flex wp-container-core-columns-is-layout-28f84493 wp-block-columns-is-layout-flex\">\n<div class=\"wp-block-column is-style-shadow has-background is-layout-flow wp-block-column-is-layout-flow\" style=\"border-style:none;border-width:0px;background-color:#f4f5f8;padding-top:30px;padding-right:30px;padding-bottom:30px;padding-left:30px\">\n<p>&#8222;Kr\u00e1sne a magick\u00e9 miesto \u2728 ve\u013emi mil\u00fd a ochotn\u00fd person\u00e1l. Boli sme na double date a st\u00e1lo to za ka\u017ed\u00e9 jedno \u20ac, jemnu\u010dk\u00e9 a zlatu\u010dk\u00e9 alpaky sme ven\u010dili, k\u0155mili a hladkali. Plus sme o nich mali skvel\u00fd v\u00fdklad od milej pani. V cene sme mali aj pam\u00e4tn\u00fa fotku z polaroidu, kvalitn\u00e9 v\u00ednko pod\u013ea vlastn\u00e9ho v\u00fdberu a chutn\u00e9 talianske pochutiny. V are\u00e1li s\u00fa tie\u017e zajace a ma\u010dky, my sme mali \u0161tastie aj na mil\u00e9 ma\u010diatka a mil\u00fdch \u013eud\u00ed ktor\u00ed boli na danom term\u00edne s nami a bol to skvel\u00fd z\u00e1\u017eitok, doteraz m\u00e1me pekn\u00e9 spomienky a ver\u00edm, \u017ee sa e\u0161te vr\u00e1time..&#8220;<\/p>\n\n\n\n<div class=\"wp-block-group has-global-padding is-layout-constrained wp-block-group-is-layout-constrained\">\n<div class=\"wp-block-columns are-vertically-aligned-center is-layout-flex wp-container-core-columns-is-layout-28f84493 wp-block-columns-is-layout-flex\">\n<div class=\"wp-block-column is-vertically-aligned-center is-layout-flow wp-block-column-is-layout-flow\" style=\"flex-basis:100px\">\n<figure class=\"wp-block-image alignwide size-full\"><img loading=\"lazy\" decoding=\"async\" width=\"2560\" height=\"1440\" src=\"https:\/\/alpacafe.sk\/wp-content\/uploads\/2025\/05\/Google-Review-Logo-scaled.png\" alt=\"\" class=\"wp-image-3548\" srcset=\"https:\/\/alpacafe.sk\/wp-content\/uploads\/2025\/05\/Google-Review-Logo-scaled.png 2560w, https:\/\/alpacafe.sk\/wp-content\/uploads\/2025\/05\/Google-Review-Logo-300x169.png 300w, https:\/\/alpacafe.sk\/wp-content\/uploads\/2025\/05\/Google-Review-Logo-1024x576.png 1024w, https:\/\/alpacafe.sk\/wp-content\/uploads\/2025\/05\/Google-Review-Logo-2000x1125.png 2000w, https:\/\/alpacafe.sk\/wp-content\/uploads\/2025\/05\/Google-Review-Logo-scaled-18x10.png 18w\" sizes=\"auto, (max-width: 2560px) 100vw, 2560px\" \/><\/figure>\n<\/div>\n\n\n\n<div class=\"wp-block-column is-vertically-aligned-center is-layout-flow wp-block-column-is-layout-flow\">\n<p class=\"has-foreground-color has-text-color\"><strong>Franti\u0161ka O.<\/strong><br>Google Recenzia *****<\/p>\n<\/div>\n<\/div>\n<\/div>\n<\/div>\n\n\n\n<div class=\"wp-block-column is-style-shadow has-background is-layout-flow wp-block-column-is-layout-flow\" style=\"border-style:none;border-width:0px;background-color:#f4f5f8;padding-top:30px;padding-right:30px;padding-bottom:30px;padding-left:30px\">\n<p>&#8222;Ak si chcete spr\u00edjemni\u0165 de\u0148 a odch\u00e1dza\u0165 s \u00fasmevom na per\u00e1ch, toto je to prav\u00e9 miesto pre V\u00e1s.<br>Hne\u010f na \u00favod V\u00e1s o\u010dar\u00ed kr\u00e1sne prostredie, priv\u00edtaj\u00fa V\u00e1s tieto \u00fa\u017easn\u00e9 zvieratk\u00e1, ktor\u00e9 by ste si hne\u010f najrad\u0161ej zobrali domov \ud83d\ude0a pr\u00edjemn\u00fd dojem dotvorila aj skvel\u00e1 pani sprievodky\u0148a, ktor\u00e1 n\u00e1m p\u00fatav\u00fdm a vtipn\u00fdm sp\u00f4sobom prezradila v\u0161etko (aj o nie\u010do viac) o alpak\u00e1ch. A su\u0161ienka s n\u00e1pojom s\u00fa u\u017e iba sladkou bodkou za \u00fa\u017easne str\u00e1ven\u00fdm \u010dasom \ud83d\ude0a Ur\u010dite odpor\u00fa\u010dam vysk\u00fa\u0161a\u0165 na vlastnej ko\u017ei.&#8220;<\/p>\n\n\n\n<div class=\"wp-block-columns are-vertically-aligned-center is-layout-flex wp-container-core-columns-is-layout-28f84493 wp-block-columns-is-layout-flex\">\n<div class=\"wp-block-column is-vertically-aligned-center is-layout-flow wp-block-column-is-layout-flow\" style=\"flex-basis:100px\">\n<figure class=\"wp-block-image alignwide size-full\"><img loading=\"lazy\" decoding=\"async\" width=\"2560\" height=\"1440\" src=\"https:\/\/alpacafe.sk\/wp-content\/uploads\/2025\/05\/Google-Review-Logo-scaled.png\" alt=\"\" class=\"wp-image-3548\" srcset=\"https:\/\/alpacafe.sk\/wp-content\/uploads\/2025\/05\/Google-Review-Logo-scaled.png 2560w, https:\/\/alpacafe.sk\/wp-content\/uploads\/2025\/05\/Google-Review-Logo-300x169.png 300w, https:\/\/alpacafe.sk\/wp-content\/uploads\/2025\/05\/Google-Review-Logo-1024x576.png 1024w, https:\/\/alpacafe.sk\/wp-content\/uploads\/2025\/05\/Google-Review-Logo-2000x1125.png 2000w, https:\/\/alpacafe.sk\/wp-content\/uploads\/2025\/05\/Google-Review-Logo-scaled-18x10.png 18w\" sizes=\"auto, (max-width: 2560px) 100vw, 2560px\" \/><\/figure>\n<\/div>\n\n\n\n<div class=\"wp-block-column is-vertically-aligned-center is-layout-flow wp-block-column-is-layout-flow\">\n<p class=\"has-foreground-color has-text-color\"><strong><strong>Du\u0161ana B.<\/strong><\/strong><br>Google Recenzia *****<\/p>\n<\/div>\n<\/div>\n<\/div>\n<\/div>\n<\/div>\n<\/div>\n\n\n\n<p><\/p>","protected":false},"excerpt":{"rendered":"<p>\u2731 O N\u00c1S V\u00edtame V\u00e1s v na\u0161om rodinnom podniku AlpaCaf\u00e9, ktor\u00e9ho v\u00edziou je do Ko\u0161\u00edc prinies\u0165 jedine\u010dn\u00e9 z\u00e1\u017eitky s alpakami. Na\u0161a cesta za\u010dala v septembri 2023, ke\u010f sme do na\u0161ej rodiny priv\u00edtali dve kr\u00e1sne alpaky &#8211; Coco a Limu. Tieto n\u00e1dhern\u00e9 tvory n\u00e1m ka\u017ed\u00fd de\u0148 prin\u00e1\u0161aj\u00fa neop\u00edsate\u013en\u00fa rados\u0165 a stali sa srdcom n\u00e1\u0161ho resortu. Odvtedy &hellip; <\/p>\n<p class=\"link-more\"><a href=\"http:\/\/alpacafe.sk\/en\/o-nas\/\" class=\"more-link\">Read more<span class=\"screen-reader-text\"> &#8222;O n\u00e1s&#8220;<\/span><\/a><\/p>","protected":false},"author":1,"featured_media":0,"parent":0,"menu_order":0,"comment_status":"closed","ping_status":"closed","template":"","meta":{"footnotes":""},"class_list":["post-24","page","type-page","status-publish","hentry"],"_links":{"self":[{"href":"http:\/\/alpacafe.sk\/en\/wp-json\/wp\/v2\/pages\/24","targetHints":{"allow":["GET"]}}],"collection":[{"href":"http:\/\/alpacafe.sk\/en\/wp-json\/wp\/v2\/pages"}],"about":[{"href":"http:\/\/alpacafe.sk\/en\/wp-json\/wp\/v2\/types\/page"}],"author":[{"embeddable":true,"href":"http:\/\/alpacafe.sk\/en\/wp-json\/wp\/v2\/users\/1"}],"replies":[{"embeddable":true,"href":"http:\/\/alpacafe.sk\/en\/wp-json\/wp\/v2\/comments?post=24"}],"version-history":[{"count":32,"href":"http:\/\/alpacafe.sk\/en\/wp-json\/wp\/v2\/pages\/24\/revisions"}],"predecessor-version":[{"id":3612,"href":"http:\/\/alpacafe.sk\/en\/wp-json\/wp\/v2\/pages\/24\/revisions\/3612"}],"wp:attachment":[{"href":"http:\/\/alpacafe.sk\/en\/wp-json\/wp\/v2\/media?parent=24"}],"curies":[{"name":"wp","href":"https:\/\/api.w.org\/{rel}","templated":true}]}}