{"id":12,"date":"2023-10-07T09:21:59","date_gmt":"2023-10-07T09:21:59","guid":{"rendered":"https:\/\/alpacafe.sk\/?page_id=12"},"modified":"2025-06-29T09:23:10","modified_gmt":"2025-06-29T09:23:10","slug":"rezervacie","status":"publish","type":"page","link":"http:\/\/alpacafe.sk\/en\/rezervacie\/","title":{"rendered":"Reservations"},"content":{"rendered":"<div class=\"wp-block-cover alignfull has-parallax\"><div role=\"img\" aria-label=\"Alpaka Lima &amp; Coco\" class=\"wp-block-cover__image-background wp-image-249 size-full has-parallax\" style=\"background-position:50% 50%;background-image:url(https:\/\/alpacafe.sk\/wp-content\/uploads\/2024\/02\/feeding_web-edited.jpg)\"><\/div><span aria-hidden=\"true\" class=\"wp-block-cover__background has-primary-background-color has-background-dim\"><\/span><div class=\"wp-block-cover__inner-container is-layout-flow wp-block-cover-is-layout-flow\">\n<p class=\"has-text-align-center has-white-color has-text-color\" style=\"font-size:clamp(37.821px, 2.364rem + ((1vw - 3.2px) * 3.352), 70px);font-style:normal;font-weight:900\"><strong>Reservations<\/strong>.<\/p>\n\n\n\n<p class=\"has-text-align-center has-white-color has-text-color has-medium-font-size\" style=\"letter-spacing:1px\">Welcome to our reservation system!<\/p>\n<\/div><\/div>\n\n\n\n<div style=\"height:0px\" aria-hidden=\"true\" class=\"wp-block-spacer\"><\/div>\n\n\n\n<div class=\"wp-block-group alignfull has-global-padding is-content-justification-center is-layout-constrained wp-container-core-group-is-layout-df757ecc wp-block-group-is-layout-constrained\" style=\"margin-top:0;margin-bottom:0;padding-top:calc( 0.5 * var(--wp--style--root--padding-right, var(--wp--custom--gap--horizontal)));padding-right:var(--wp--style--root--padding-right, var(--wp--custom--gap--horizontal));padding-bottom:calc( 0.5 * var(--wp--style--root--padding-right, var(--wp--custom--gap--horizontal)));padding-left:var(--wp--style--root--padding-left, var(--wp--custom--gap--horizontal))\">\n<div style=\"height:0px\" aria-hidden=\"true\" class=\"wp-block-spacer\"><\/div>\n\n\n\n<div style=\"height:calc( 0.25 * var(--wp--style--root--padding-right, var(--wp--custom--gap--horizontal)))\" aria-hidden=\"true\" class=\"wp-block-spacer\"><\/div>\n<\/div>\n\n\n\n<p><br>\u24d8 \ud83d\uddd3 Sme otvoren\u00ed celoro\u010dne! No spots left = plne obsaden\u00e9. 1 spot = 1 osoba. Aktivity pl\u00e1nujeme mesiac dopredu &#8211; uverejn\u00edme ich st\u00e1le po\u010das prv\u00e9ho d\u0148a v mesiaci. Kalend\u00e1r m\u00f4\u017ee by\u0165 aktualizovan\u00fd aj priebe\u017ene po\u010das mesiaca. <strong>When making a reservation on a mobile or tablet, we recommend turning the screen to landscape for a better view of the reservation calendar.<\/strong><\/p>\n\n\n\n<p>\u24d8 \u23f0 Waiting list n\u00e1jdete ni\u017e\u0161ie. <strong>Vyplnen\u00edm waiting list formul\u00e1ru nezaru\u010dujeme miesto na vybranej akcii. <\/strong>Waiting list sl\u00fa\u017ei iba na zanechanie Va\u0161ich kontaktn\u00fdch \u00fadajov a preferenci\u00ed &#8211; ak by sa uvo\u013enilo nejak\u00e9 miesto tak V\u00e1s budeme kontaktova\u0165. <strong>Waiting list = &#8222;\u010daka\u010dka&#8220;, &#8222;poradovn\u00edk&#8220;.<\/strong><\/p>\n\n\n\n<p>\u24d8 \ud83d\udebc <strong>Deti do 3 rokov maj\u00fa vstup zdarma<\/strong> &#8211; sta\u010d\u00ed ak do pozn\u00e1mky pri vytvoren\u00ed rezerv\u00e1cie uvediete po\u010det det\u00ed do troch rokov. <strong>POZOR &#8211; z\u00e1\u017eitky s alpakami s\u00fa vhodn\u00e9 aj pre deti, no len v sprievode dospelej osoby<\/strong>, ktor\u00e1 dohliadne na ich spr\u00e1vanie. Ke\u010f\u017ee ide o ve\u013emi kontaktn\u00fa aktivitu, samostatn\u00fd vstup det\u00ed nie je mo\u017en\u00fd.<\/p>\n\n\n\n<div class=\"wp-block-group has-text-color has-link-color wp-elements-ddbf6ab8817da56f8410c0494951413c has-global-padding is-layout-constrained wp-block-group-is-layout-constrained\" style=\"color:#000000\">\n<div class=\"wp-block-columns is-layout-flex wp-container-core-columns-is-layout-28f84493 wp-block-columns-is-layout-flex\">\n<div class=\"wp-block-column is-layout-flow wp-block-column-is-layout-flow\">\n<div class=\"wp-block-amelia-events-gutenberg-block\"><script>\n  if (typeof hasAmeliaEvent === 'undefined') {\n    var hasAmeliaEvent = true;\n  }\n  if (typeof hasEventApiCall === 'undefined' && '' === '') {\n    var hasEventApiCall = true;\n  }\n  var hasEventShortcode = (typeof hasEventShortcode === 'undefined') ? false : true;\n  var bookingEntitiesIds = (typeof bookingEntitiesIds === 'undefined') ? [] : bookingEntitiesIds;\n  bookingEntitiesIds.push(\n    {\n      'hasApiCall': (typeof hasEventApiCall !== 'undefined') && hasEventApiCall,\n      'trigger': '',\n      'counter': '0',\n      'employee': '',\n      'eventId': '',\n      'eventRecurring': 0,\n      'eventTag': \"\"\n    }\n  );\n  var lazyBookingEntitiesIds = (typeof lazyBookingEntitiesIds === 'undefined') ? [] : lazyBookingEntitiesIds;\n  if (bookingEntitiesIds[bookingEntitiesIds.length - 1].trigger !== '') {\n    lazyBookingEntitiesIds.push(bookingEntitiesIds.pop());\n  }\n  if (typeof hasEventApiCall !== 'undefined' && hasEventApiCall) {\n    hasEventApiCall = false;\n  }\n<\/script>\n\n<div id=\"amelia-app-booking0\" class=\"amelia-service amelia-frontend amelia-app-booking\">\n    <events-calendar><\/events-calendar><\/div>\n<\/div>\n<\/div>\n<\/div>\n<\/div>\n\n\n\n<div style=\"height:100px\" aria-hidden=\"true\" class=\"wp-block-spacer\"><\/div>\n\n\n\n<div class=\"wp-block-columns alignfull has-background is-layout-flex wp-container-core-columns-is-layout-7fc3d43a wp-block-columns-is-layout-flex\" style=\"background-color:#053d5c\">\n<div class=\"wp-block-column is-layout-flow wp-block-column-is-layout-flow\">\n<div class=\"wp-block-columns alignwide is-layout-flex wp-container-core-columns-is-layout-85695472 wp-block-columns-is-layout-flex\">\n<div class=\"wp-block-column is-layout-flow wp-container-core-column-is-layout-6b73ce23 wp-block-column-is-layout-flow\">\n<figure class=\"wp-block-image alignwide size-full has-custom-border is-style-default\"><img loading=\"lazy\" decoding=\"async\" width=\"1920\" height=\"2560\" src=\"https:\/\/alpacafe.sk\/wp-content\/uploads\/2025\/05\/KP_80-edited-2-scaled.jpg\" alt=\"\" class=\"wp-image-3622\" style=\"border-radius:10px\" srcset=\"https:\/\/alpacafe.sk\/wp-content\/uploads\/2025\/05\/KP_80-edited-2-scaled.jpg 1920w, https:\/\/alpacafe.sk\/wp-content\/uploads\/2025\/05\/KP_80-edited-2-225x300.jpg 225w, https:\/\/alpacafe.sk\/wp-content\/uploads\/2025\/05\/KP_80-edited-2-768x1024.jpg 768w, https:\/\/alpacafe.sk\/wp-content\/uploads\/2025\/05\/KP_80-edited-2-2000x2667.jpg 2000w, https:\/\/alpacafe.sk\/wp-content\/uploads\/2025\/05\/KP_80-edited-2-scaled-9x12.jpg 9w\" sizes=\"auto, (max-width: 1920px) 100vw, 1920px\" \/><\/figure>\n<\/div>\n\n\n\n<div class=\"wp-block-column is-layout-flow wp-container-core-column-is-layout-6b73ce23 wp-block-column-is-layout-flow\">\n<figure class=\"wp-block-image alignwide size-full has-custom-border is-style-default\"><img loading=\"lazy\" decoding=\"async\" width=\"775\" height=\"1033\" src=\"https:\/\/alpacafe.sk\/wp-content\/uploads\/2025\/05\/IMG_2768-edited.jpg\" alt=\"\" class=\"wp-image-3623\" style=\"border-radius:10px\" srcset=\"https:\/\/alpacafe.sk\/wp-content\/uploads\/2025\/05\/IMG_2768-edited.jpg 775w, https:\/\/alpacafe.sk\/wp-content\/uploads\/2025\/05\/IMG_2768-edited-225x300.jpg 225w, https:\/\/alpacafe.sk\/wp-content\/uploads\/2025\/05\/IMG_2768-edited-768x1024.jpg 768w, https:\/\/alpacafe.sk\/wp-content\/uploads\/2025\/05\/IMG_2768-edited-9x12.jpg 9w\" sizes=\"auto, (max-width: 775px) 100vw, 775px\" \/><\/figure>\n<\/div>\n<\/div>\n<\/div>\n\n\n\n<div class=\"wp-block-column is-vertically-aligned-center has-global-padding is-content-justification-center is-layout-constrained wp-container-core-column-is-layout-7a30299c wp-block-column-is-layout-constrained\" style=\"flex-basis:40%\">\n<h2 class=\"wp-block-heading alignwide has-text-align-left has-white-color has-text-color has-link-color wp-elements-b31842036e7238f012b74c83a5dd1a8f\"><strong>\u2731<\/strong> Ako si vytvor\u00edm rezerv\u00e1ciu?<\/h2>\n\n\n\n<p class=\"has-text-align-left has-white-color has-text-color has-link-color wp-elements-c0dee11a89191115da115d4dafe44540\">Po\u010fme si spolu vytvori\u0165 rezerv\u00e1ciu na konkr\u00e9tny term\u00edn, krok za krokom&#8230;<\/p>\n\n\n\n<ol class=\"wp-block-list\">\n<li class=\"has-white-color has-text-color has-link-color wp-elements-ece00e4986793f47f225aab428f4a2b1\">Look carefully at the information about the individual activities and choose the one that suits you the most.<\/li>\n\n\n\n<li class=\"has-white-color has-text-color has-link-color wp-elements-2bf1a49ce6597bb27913e56bdd8cc439\">Vyberte si neobsaden\u00fd term\u00edn, ktor\u00fd V\u00e1m najviac vyhovuje.<\/li>\n\n\n\n<li class=\"has-white-color has-text-color has-link-color wp-elements-1e108c5866d763be493f11e3b0771a26\">Ozna\u010dte po\u010det os\u00f4b a vypl\u0148te dan\u00e9 \u00fadaje.<\/li>\n\n\n\n<li class=\"has-white-color has-text-color has-link-color wp-elements-e70e70d975ad141096808a7dd3e60d48\">Po \u00faspe\u0161nej platbe obdr\u017e\u00edte e-mail s potvrden\u00edm, ktor\u00e9 sl\u00fa\u017ei ako vstupenka.<\/li>\n\n\n\n<li class=\"has-white-color has-text-color has-link-color wp-elements-ee4669f009637a26750366dca2d1fae4\">Te\u0161\u00edme sa na V\u00e1s!<\/li>\n<\/ol>\n\n\n\n<div class=\"wp-block-buttons is-content-justification-center is-layout-flex wp-container-core-buttons-is-layout-a89b3969 wp-block-buttons-is-layout-flex\">\n<div class=\"wp-block-button is-style-fill\"><a class=\"wp-block-button__link has-foreground-color has-text-color has-background has-link-color has-text-align-center wp-element-button\" href=\"http:\/\/alpacafe.sk\/en\/aktivity\/\" style=\"border-radius:11px;background-color:#e0d3a9\"><strong>V\u0161etky aktivity s alpakami \u2192<\/strong><\/a><\/div>\n<\/div>\n<\/div>\n<\/div>\n\n\n\n<form method=\"post\" class=\"wp-block-gutena-forms gutena-forms-contact-form gutena_forms_ID_d5b981784a_1822024123155 after_submit_message is-layout-flow wp-container-gutena-forms-is-layout-00b5b574 wp-block-gutena-forms-is-layout-flow\" style=\"padding-top:2rem;padding-bottom:5rem\" action=\"\"><input type=\"hidden\" name=\"formid\" value=\"gutena_forms_ID_d5b981784a_1822024123155\"\/>\n<div class=\"wp-block-gutena-field-group  field-group-type-text is-layout-flow wp-block-gutena-field-group-is-layout-flow\">\n<div class=\"wp-block-group is-vertical is-layout-flex wp-container-core-group-is-layout-501cef26 wp-block-group-is-layout-flex\">\n<p class=\"has-large-font-size\"><strong>Waiting list<\/strong><\/p>\n\n\n\n<p><strong><em>Waiting list = &#8222;\u010daka\u010dka&#8220;, &#8222;poradovn\u00edk&#8220;<\/em><\/strong><\/p>\n\n\n\n<p>\u24d8 \u23f0 <strong>Vyplnen\u00edm waiting list formul\u00e1ru nezaru\u010dujeme miesto na vybranej akcii. <\/strong>Waiting list sl\u00fa\u017ei <strong>iba na zanechanie Va\u0161ich kontaktn\u00fdch \u00fadajov<\/strong> a preferenci\u00ed &#8211; ak by sa uvo\u013enilo nejak\u00e9 miesto z obsaden\u00fdch tak nech V\u00e1s m\u00e1me ako kontaktova\u0165 ako n\u00e1hradn\u00edkov. <strong>Na waiting list po\u017eiadavky neodpisujeme<\/strong> &#8211; budeme V\u00e1s kontaktova\u0165 iba v pr\u00edpade ak by sa n\u00e1m Vami zvolen\u00e9 obsaden\u00e9 miesto uvo\u013enilo.<br><\/p>\n\n\n\n<h3 class=\"wp-block-heading heading-input-label-gutena\">Name<\/h3>\n\n\n<div class=\"gutena-forms-text-field field-name-first_name  wp-block-gutena-form-field\"><input\n\t\t\t\tid=\"first_name\"\n\t\t\t\t name=\"first_name\" type=\"text\" class=\"gutena-forms-field text-field required-field\" placeholder=\"Enter your first name\"  required\n\t\t\t\t\t\t\/><\/div><\/div>\n\n\n\n<p class=\"gutena-forms-field-error-msg\"><\/p>\n<\/div>\n\n\n\n<div class=\"wp-block-gutena-field-group  field-group-type-text is-layout-flow wp-block-gutena-field-group-is-layout-flow\">\n<div class=\"wp-block-group is-vertical is-layout-flex wp-container-core-group-is-layout-501cef26 wp-block-group-is-layout-flex\">\n<h3 class=\"wp-block-heading heading-input-label-gutena\">Surname<\/h3>\n\n\n<div class=\"gutena-forms-text-field field-name-last_name  wp-block-gutena-form-field\"><input\n\t\t\t\tid=\"last_name\"\n\t\t\t\t name=\"last_name\" type=\"text\" class=\"gutena-forms-field text-field required-field\" placeholder=\"Enter your last name\"  required\n\t\t\t\t\t\t\/><\/div><\/div>\n\n\n\n<p class=\"gutena-forms-field-error-msg\"><\/p>\n<\/div>\n\n\n\n<div class=\"wp-block-gutena-field-group  field-group-type-email is-layout-flow wp-block-gutena-field-group-is-layout-flow\">\n<div class=\"wp-block-group is-vertical is-layout-flex wp-container-core-group-is-layout-501cef26 wp-block-group-is-layout-flex\">\n<h3 class=\"wp-block-heading heading-input-label-gutena\">E-mail<\/h3>\n\n\n<div class=\"gutena-forms-email-field field-name-email  wp-block-gutena-form-field\"><input\n\t\t\t\tid=\"email\"\n\t\t\t\t name=\"email\" type=\"email\" class=\"gutena-forms-field email-field required-field\" placeholder=\"example@gmail.com\"  required\n\t\t\t\t\t\t\/><\/div><\/div>\n\n\n\n<p class=\"gutena-forms-field-error-msg\"><\/p>\n<\/div>\n\n\n\n<div class=\"wp-block-gutena-field-group  field-group-type-text is-layout-flow wp-block-gutena-field-group-is-layout-flow\">\n<div class=\"wp-block-group is-vertical is-layout-flex wp-container-core-group-is-layout-501cef26 wp-block-group-is-layout-flex\">\n<h3 class=\"wp-block-heading heading-input-label-gutena\">Telef\u00f3nne \u010d\u00edslo<\/h3>\n\n\n<div class=\"gutena-forms-text-field field-name-subject  wp-block-gutena-form-field\"><input\n\t\t\t\tid=\"subject\"\n\t\t\t\t name=\"subject\" type=\"text\" class=\"gutena-forms-field text-field required-field\" placeholder=\"Subject\"  required\n\t\t\t\t\t\t\/><\/div><\/div>\n\n\n\n<p class=\"gutena-forms-field-error-msg\"><\/p>\n<\/div>\n\n\n\n<div class=\"wp-block-gutena-field-group  field-group-type-textarea is-layout-flow wp-block-gutena-field-group-is-layout-flow\">\n<div class=\"wp-block-group is-vertical is-layout-flex wp-container-core-group-is-layout-501cef26 wp-block-group-is-layout-flex\">\n<h3 class=\"wp-block-heading heading-input-label-gutena\">Uve\u010fte, v ktor\u00e9 <strong>obsaden\u00e9 d\u00e1tumy<\/strong> by ste n\u00e1s radi nav\u0161t\u00edvili. Nezabudnite spomen\u00fa\u0165 po\u010det os\u00f4b. <\/h3>\n\n\n<div class=\"gutena-forms-textarea-field field-name-message  wp-block-gutena-form-field\"><textarea\n\t\t\t\tid=\"message\"\n\t\t\t\t name=\"message\" rows=\"5\" class=\"gutena-forms-field textarea-field required-field\" placeholder=\"Type here\"  required\n\t\t\t\t><\/textarea><\/div><\/div>\n\n\n\n<p class=\"gutena-forms-field-error-msg\"><\/p>\n<\/div>\n\n\n\n<div class=\"wp-block-buttons gutena-forms-submit-buttons is-layout-flex wp-block-buttons-is-layout-flex\">\n<div class=\"wp-block-button gutena-forms-submit-button\"><button class=\"wp-block-button__link wp-element-button\">Send<\/button><\/div>\n<\/div>\n\n\n\n<div class=\"wp-block-gutena-form-confirm-msg is-layout-flow wp-block-gutena-form-confirm-msg-is-layout-flow\">\n<div class=\"wp-block-group has-background is-content-justification-left is-nowrap is-layout-flex wp-container-core-group-is-layout-385d3396 wp-block-group-is-layout-flex\" style=\"border-radius:5px;background-color:#d8eacc;padding-top:12px;padding-right:12px;padding-bottom:12px;padding-left:12px\">\n<figure class=\"wp-block-image size-large form-message-icon\"><img decoding=\"async\" src=\"data:image\/svg+xml;base64,PHN2ZyB3aWR0aD0iMTYiIGhlaWdodD0iMTYiIHZpZXdCb3g9IjAgMCAxNiAxNiIgZmlsbD0ibm9uZSIgeG1sbnM9Imh0dHA6Ly93d3cudzMub3JnLzIwMDAvc3ZnIj4KPHBhdGggZD0iTTggMTZDMy41ODE2IDE2IDAgMTIuNDE4NCAwIDhDMCAzLjU4MTYgMy41ODE2IDAgOCAwQzEyLjQxODQgMCAxNiAzLjU4MTYgMTYgOEMxNiAxMi40MTg0IDEyLjQxODQgMTYgOCAxNlpNOCAxNC40QzkuNjk3MzkgMTQuNCAxMS4zMjUzIDEzLjcyNTcgMTIuNTI1NSAxMi41MjU1QzEzLjcyNTcgMTEuMzI1MyAxNC40IDkuNjk3MzkgMTQuNCA4QzE0LjQgNi4zMDI2MSAxMy43MjU3IDQuNjc0NzUgMTIuNTI1NSAzLjQ3NDUyQzExLjMyNTMgMi4yNzQyOCA5LjY5NzM5IDEuNiA4IDEuNkM2LjMwMjYxIDEuNiA0LjY3NDc1IDIuMjc0MjggMy40NzQ1MiAzLjQ3NDUyQzIuMjc0MjggNC42NzQ3NSAxLjYgNi4zMDI2MSAxLjYgOEMxLjYgOS42OTczOSAyLjI3NDI4IDExLjMyNTMgMy40NzQ1MiAxMi41MjU1QzQuNjc0NzUgMTMuNzI1NyA2LjMwMjYxIDE0LjQgOCAxNC40Wk03LjIwMjQgMTEuMkwzLjgwOCA3LjgwNTZMNC45MzkyIDYuNjc0NEw3LjIwMjQgOC45Mzc2TDExLjcyNzIgNC40MTJMMTIuODU5MiA1LjU0MzJMNy4yMDI0IDExLjJaIiBmaWxsPSIjNDY4NDFFIi8+Cjwvc3ZnPgo=\" alt=\"Success\" class=\"wp-image-3811\"\/><\/figure>\n\n\n\n<p class=\"has-black-color has-text-color has-tiny-font-size\" style=\"font-size:12px;font-style:normal;font-weight:500;line-height:1.2\">Your form submitted successfully!<\/p>\n<\/div>\n<\/div>\n\n\n\n<div class=\"wp-block-gutena-form-error-msg is-layout-flow wp-block-gutena-form-error-msg-is-layout-flow\">\n<div class=\"wp-block-group has-background is-content-justification-left is-nowrap is-layout-flex wp-container-core-group-is-layout-385d3396 wp-block-group-is-layout-flex\" style=\"border-radius:5px;background-color:#ffd3d3;padding-top:12px;padding-right:12px;padding-bottom:12px;padding-left:12px\">\n<figure class=\"wp-block-image size-large form-message-icon\"><img decoding=\"async\" src=\"data:image\/svg+xml;base64,PHN2ZyB3aWR0aD0iMTYiIGhlaWdodD0iMTYiIHZpZXdCb3g9IjAgMCAxNiAxNiIgZmlsbD0ibm9uZSIgeG1sbnM9Imh0dHA6Ly93d3cudzMub3JnLzIwMDAvc3ZnIj4KPHBhdGggZD0iTTggMTZDMy41ODE2IDE2IDAgMTIuNDE4NCAwIDhDMCAzLjU4MTYgMy41ODE2IDAgOCAwQzEyLjQxODQgMCAxNiAzLjU4MTYgMTYgOEMxNiAxMi40MTg0IDEyLjQxODQgMTYgOCAxNlpNOCAxNC40QzkuNjk3MzkgMTQuNCAxMS4zMjUzIDEzLjcyNTcgMTIuNTI1NSAxMi41MjU1QzEzLjcyNTcgMTEuMzI1MyAxNC40IDkuNjk3MzkgMTQuNCA4QzE0LjQgNi4zMDI2MSAxMy43MjU3IDQuNjc0NzUgMTIuNTI1NSAzLjQ3NDUyQzExLjMyNTMgMi4yNzQyOCA5LjY5NzM5IDEuNiA4IDEuNkM2LjMwMjYxIDEuNiA0LjY3NDc1IDIuMjc0MjggMy40NzQ1MiAzLjQ3NDUyQzIuMjc0MjggNC42NzQ3NSAxLjYgNi4zMDI2MSAxLjYgOEMxLjYgOS42OTczOSAyLjI3NDI4IDExLjMyNTMgMy40NzQ1MiAxMi41MjU1QzQuNjc0NzUgMTMuNzI1NyA2LjMwMjYxIDE0LjQgOCAxNC40Wk03LjIgMTAuNEg4LjhWMTJINy4yVjEwLjRaTTcuMiA0SDguOFY4LjhINy4yVjRaIiBmaWxsPSIjQzUxOTE5Ii8+Cjwvc3ZnPgo=\" alt=\"Error\" class=\"wp-image-3811\"\/><\/figure>\n\n\n\n<p class=\"gutena-forms-error-text has-black-color has-text-color\" style=\"font-size:12px;font-style:normal;font-weight:500;line-height:1.2\">Sorry! your form was not submitted properly, Please check the errors above.<\/p>\n<\/div>\n<\/div>\n<input type=\"hidden\" name=\"trp-form-language\" value=\"en\"\/><\/form>\n\n\n\n<div class=\"wp-block-group alignfull has-global-padding is-layout-constrained wp-block-group-is-layout-constrained\" style=\"margin-top:0px\">\n<h2 class=\"wp-block-heading has-text-align-center has-text-align-left has-x-large-font-size\" id=\"pricing-table\"><strong>\u2731<\/strong> Cancellation terms<\/h2>\n\n\n\n<div class=\"wp-block-columns has-smaller-left-margin is-layout-flex wp-container-core-columns-is-layout-28f84493 wp-block-columns-is-layout-flex\">\n<div class=\"wp-block-column is-style-shadow has-background-background-color has-background is-layout-flow wp-container-core-column-is-layout-dba16a7e wp-block-column-is-layout-flow\" style=\"padding-top:0;padding-right:0;padding-bottom:0;padding-left:0\">\n<div class=\"wp-block-group has-background-color has-text-color has-background is-layout-flow wp-block-group-is-layout-flow\" style=\"border-top-left-radius:20px;border-top-right-radius:20px;background-color:#ba9b37;padding-top:20px;padding-right:30px;padding-bottom:20px;padding-left:30px\">\n<div style=\"height:20px\" aria-hidden=\"true\" class=\"wp-block-spacer\"><\/div>\n\n\n\n<h3 class=\"wp-block-heading has-text-align-center has-white-color has-text-color\" style=\"font-size:clamp(18.959px, 1.185rem + ((1vw - 3.2px) * 1.15), 30px);\">7+ days before the start of the event<\/h3>\n\n\n\n<div style=\"height:20px\" aria-hidden=\"true\" class=\"wp-block-spacer\"><\/div>\n<\/div>\n\n\n\n<div class=\"wp-block-group is-layout-flow wp-container-core-group-is-layout-8a7de2ab wp-block-group-is-layout-flow\" style=\"border-style:none;border-width:0px;padding-top:40px;padding-right:40px;padding-bottom:40px;padding-left:40px\">\n<p class=\"has-text-align-center has-small-font-size\"><strong>Zmena term\u00ednu zdarma, alebo 100\u202f% vr\u00e1tenie pe\u0148az\u00ed.<\/strong><br>Ak si nov\u00fd term\u00edn nevyberiete hne\u010f, dostanete voucher platn\u00fd 3 mesiace.<\/p>\n<\/div>\n<\/div>\n\n\n\n<div class=\"wp-block-column is-style-shadow has-background-background-color has-background is-layout-flow wp-container-core-column-is-layout-dba16a7e wp-block-column-is-layout-flow\" style=\"border-style:none;border-width:0px;padding-top:0;padding-right:0;padding-bottom:0;padding-left:0\">\n<div class=\"wp-block-group has-background-color has-text-color has-background has-global-padding is-layout-constrained wp-container-core-group-is-layout-4a803732 wp-block-group-is-layout-constrained\" style=\"border-top-left-radius:20px;border-top-right-radius:20px;background-color:#053c5c;padding-top:20px;padding-right:30px;padding-bottom:20px;padding-left:30px\">\n<div style=\"height:20px\" aria-hidden=\"true\" class=\"wp-block-spacer\"><\/div>\n\n\n\n<h3 class=\"wp-block-heading has-text-align-center has-white-color has-text-color\" style=\"font-size:clamp(18.959px, 1.185rem + ((1vw - 3.2px) * 1.15), 30px);\">3 \u2013 6 dn\u00ed pred za\u010dat\u00edm akcie<\/h3>\n\n\n\n<div style=\"height:20px\" aria-hidden=\"true\" class=\"wp-block-spacer\"><\/div>\n<\/div>\n\n\n\n<div class=\"wp-block-group has-global-padding is-layout-constrained wp-container-core-group-is-layout-c1694ee5 wp-block-group-is-layout-constrained\" style=\"border-style:none;border-width:0px;padding-top:40px;padding-right:40px;padding-bottom:40px;padding-left:40px\">\n<p class=\"has-text-align-center has-small-font-size\">Pok\u00fasime sa n\u00e1js\u0165 n\u00e1hradn\u00edkov \u2013 ak sa n\u00e1m to podar\u00ed, pon\u00fakneme V\u00e1m zmenu term\u00ednu alebo 100% vr\u00e1tenie pe\u0148az\u00ed. Ak n\u00e1hradn\u00edkov nen\u00e1jdeme, poskytneme v\u00e1m voucher vo v\u00fd\u0161ke 50 % z celkovej ceny. <\/p>\n<\/div>\n<\/div>\n\n\n\n<div class=\"wp-block-column is-style-shadow has-background-background-color has-background is-layout-flow wp-container-core-column-is-layout-dba16a7e wp-block-column-is-layout-flow\" style=\"border-style:none;border-width:0px;padding-top:0;padding-right:0;padding-bottom:0;padding-left:0\">\n<div class=\"wp-block-group has-background-color has-text-color has-background has-global-padding is-layout-constrained wp-container-core-group-is-layout-4a803732 wp-block-group-is-layout-constrained\" style=\"border-top-left-radius:20px;border-top-right-radius:20px;background-color:#ba9b37;padding-top:20px;padding-right:30px;padding-bottom:20px;padding-left:30px\">\n<div style=\"height:20px\" aria-hidden=\"true\" class=\"wp-block-spacer\"><\/div>\n\n\n\n<h3 class=\"wp-block-heading has-text-align-center has-white-color has-text-color\" style=\"font-size:clamp(18.959px, 1.185rem + ((1vw - 3.2px) * 1.15), 30px);\">Menej ne\u017e 2 dni pred akciou<\/h3>\n\n\n\n<div style=\"height:20px\" aria-hidden=\"true\" class=\"wp-block-spacer\"><\/div>\n<\/div>\n\n\n\n<div class=\"wp-block-group has-global-padding is-layout-constrained wp-container-core-group-is-layout-c1694ee5 wp-block-group-is-layout-constrained\" style=\"border-style:none;border-width:0px;padding-top:40px;padding-right:40px;padding-bottom:40px;padding-left:40px\">\n<p class=\"has-text-align-center has-small-font-size\">V pr\u00edpade zru\u0161enia rezerv\u00e1cie do 48 hod\u00edn pred za\u010diatkom alebo nepr\u00edchodu si <strong>\u00fa\u010dtujeme pln\u00fa cenu<\/strong> rezerv\u00e1cie. <\/p>\n<\/div>\n<\/div>\n<\/div>\n<\/div>\n\n\n\n<div class=\"wp-block-group alignfull has-white-background-color has-background has-global-padding is-layout-constrained wp-block-group-is-layout-constrained\">\n<p class=\"has-text-align-center\"><strong>\u2731<\/strong>&nbsp;<strong>Rezerv\u00e1cie s\u00fa prenosn\u00e9<\/strong><br>Ak sa nem\u00f4\u017eete z\u00fa\u010dastni\u0165, m\u00f4\u017eete svoju rezerv\u00e1ciu darova\u0165 niekomu in\u00e9mu. Sta\u010d\u00ed n\u00e1m vopred nap\u00edsa\u0165 meno nov\u00e9ho n\u00e1v\u0161tevn\u00edka.<\/p>\n\n\n\n<p class=\"has-text-align-center\"><strong>\u2731<\/strong>&nbsp;<strong>Zl\u00e9 po\u010dasie alebo in\u00e9 vy\u0161\u0161ie moci<\/strong><br>Ak by sme museli udalos\u0165 zru\u0161i\u0165 z na\u0161ej strany (napr. extr\u00e9mne po\u010dasie, zdravotn\u00e9 d\u00f4vody u zvierat), pon\u00fakneme v\u00e1m nov\u00fd term\u00edn alebo pln\u00fa refund\u00e1ciu.<\/p>\n\n\n\n<p class=\"has-text-align-center\"><strong>\u2731<\/strong>&nbsp;&#8222;<strong>Ako urob\u00edm storno?<\/strong>&#8222;<br>Prejdite do sekcie &#8218;Kontakt&#8216; kde n\u00e1jdete n\u00e1\u0161 Kontaktn\u00fd formul\u00e1r. Po vyplnen\u00ed tohto formul\u00e1ru V\u00e1m odp\u00ed\u0161eme prostredn\u00edctvom e-mailu. Odpoveda\u0165 sa st\u00e1le sna\u017e\u00edme \u010do najsk\u00f4r, no ka\u017ed\u00fa po\u017eiadavku rie\u0161ime individu\u00e1lne preto n\u00e1m to m\u00f4\u017ee chv\u00ed\u013eku trva\u0165, za \u010do sa vopred ospravedl\u0148ujeme a \u010fakujeme za pochopenie. Ak je Va\u0161a po\u017eiadavka \u010di ot\u00e1zka urgentn\u00e1, m\u00f4\u017eete sa na n\u00e1s obr\u00e1ti\u0165 aj na na\u0161om telef\u00f3nnom \u010d\u00edsle.<\/p>\n\n\n\n<p class=\"has-text-align-center\"><\/p>\n<\/div>\n\n\n\n<p><\/p>\n\n\n\n<p><\/p>","protected":false},"excerpt":{"rendered":"<p>\u24d8 \ud83d\uddd3 Sme otvoren\u00ed celoro\u010dne! No spots left = plne obsaden\u00e9. 1 spot = 1 osoba. Aktivity pl\u00e1nujeme mesiac dopredu &#8211; uverejn\u00edme ich st\u00e1le po\u010das prv\u00e9ho d\u0148a v mesiaci. Kalend\u00e1r m\u00f4\u017ee by\u0165 aktualizovan\u00fd aj priebe\u017ene po\u010das mesiaca. Pri vytv\u00e1ran\u00ed rezerv\u00e1cie na mobile \u010di tablete, odpor\u00fa\u010dame oto\u010di\u0165 obrazovku na \u0161\u00edrku pre lep\u0161ie zobrazenie rezerva\u010dn\u00e9ho kalend\u00e1ra. \u24d8 &hellip; <\/p>\n<p class=\"link-more\"><a href=\"http:\/\/alpacafe.sk\/en\/rezervacie\/\" class=\"more-link\">Read more<span class=\"screen-reader-text\"> &#8222;Rezerv\u00e1cie&#8220;<\/span><\/a><\/p>","protected":false},"author":1,"featured_media":0,"parent":0,"menu_order":0,"comment_status":"closed","ping_status":"closed","template":"","meta":{"footnotes":""},"class_list":["post-12","page","type-page","status-publish","hentry"],"_links":{"self":[{"href":"http:\/\/alpacafe.sk\/en\/wp-json\/wp\/v2\/pages\/12","targetHints":{"allow":["GET"]}}],"collection":[{"href":"http:\/\/alpacafe.sk\/en\/wp-json\/wp\/v2\/pages"}],"about":[{"href":"http:\/\/alpacafe.sk\/en\/wp-json\/wp\/v2\/types\/page"}],"author":[{"embeddable":true,"href":"http:\/\/alpacafe.sk\/en\/wp-json\/wp\/v2\/users\/1"}],"replies":[{"embeddable":true,"href":"http:\/\/alpacafe.sk\/en\/wp-json\/wp\/v2\/comments?post=12"}],"version-history":[{"count":36,"href":"http:\/\/alpacafe.sk\/en\/wp-json\/wp\/v2\/pages\/12\/revisions"}],"predecessor-version":[{"id":3875,"href":"http:\/\/alpacafe.sk\/en\/wp-json\/wp\/v2\/pages\/12\/revisions\/3875"}],"wp:attachment":[{"href":"http:\/\/alpacafe.sk\/en\/wp-json\/wp\/v2\/media?parent=12"}],"curies":[{"name":"wp","href":"https:\/\/api.w.org\/{rel}","templated":true}]}}